{"id":790,"date":"2025-04-05T13:23:29","date_gmt":"2025-04-05T13:23:29","guid":{"rendered":"https:\/\/breda.pro\/?page_id=790"},"modified":"2025-08-23T14:56:55","modified_gmt":"2025-08-23T14:56:55","slug":"solicitud-de-presupuesto","status":"publish","type":"page","link":"https:\/\/breda.pro\/?page_id=790","title":{"rendered":"Solicitud de Presupuesto"},"content":{"rendered":"\t\t<div data-elementor-type=\"wp-page\" data-elementor-id=\"790\" class=\"elementor elementor-790\" data-elementor-post-type=\"page\">\n\t\t\t\t<div class=\"elementor-element elementor-element-3ddc934 e-con-full e-flex e-con e-parent\" data-id=\"3ddc934\" data-element_type=\"container\" data-e-type=\"container\" data-settings=\"{&quot;background_background&quot;:&quot;classic&quot;,&quot;ekit_has_onepagescroll_dot&quot;:&quot;yes&quot;}\">\n\t\t\t\t<div class=\"elementor-element elementor-element-19e2435 elementor-widget-divider--view-line_text elementor-widget-divider--element-align-center elementor-widget elementor-widget-divider\" data-id=\"19e2435\" data-element_type=\"widget\" data-e-type=\"widget\" data-settings=\"{&quot;ekit_we_effect_on&quot;:&quot;none&quot;}\" data-widget_type=\"divider.default\">\n\t\t\t\t<div class=\"elementor-widget-container\">\n\t\t\t\t\t\t\t<div class=\"elementor-divider\">\n\t\t\t<span class=\"elementor-divider-separator\">\n\t\t\t\t\t\t\t<span class=\"elementor-divider__text elementor-divider__element\">\n\t\t\t\tFORMULARIO DE SOLICITUD DE PRESUPUESTO\t\t\t\t<\/span>\n\t\t\t\t\t\t<\/span>\n\t\t<\/div>\n\t\t\t\t\t\t<\/div>\n\t\t\t\t<\/div>\n\t\t\t\t<\/div>\n\t\t<div class=\"elementor-element elementor-element-1ab55722 e-flex e-con-boxed e-con e-parent\" data-id=\"1ab55722\" data-element_type=\"container\" data-e-type=\"container\" data-settings=\"{&quot;background_background&quot;:&quot;classic&quot;,&quot;ekit_has_onepagescroll_dot&quot;:&quot;yes&quot;}\">\n\t\t\t\t\t<div class=\"e-con-inner\">\n\t\t\t\t<div class=\"elementor-element elementor-element-3fc23c3e elementor-widget elementor-widget-text-editor\" data-id=\"3fc23c3e\" data-element_type=\"widget\" data-e-type=\"widget\" data-settings=\"{&quot;ekit_we_effect_on&quot;:&quot;none&quot;}\" data-widget_type=\"text-editor.default\">\n\t\t\t\t<div class=\"elementor-widget-container\">\n\t\t\t\t\t\t\t\t\t<div class=\"frm_forms  with_frm_style frm_style_formidable-style\" id=\"frm_form_2_container\" data-token=\"b56ea2997ba26fe8a1a098c54226ea8d\" data-token=\"b56ea2997ba26fe8a1a098c54226ea8d\" data-token=\"b56ea2997ba26fe8a1a098c54226ea8d\">\n<form enctype=\"multipart\/form-data\" method=\"post\" class=\"frm-show-form  frm_pro_form \" id=\"form_formulario-de-solicitud-de-servicio2\" data-token=\"b56ea2997ba26fe8a1a098c54226ea8d\" data-token=\"b56ea2997ba26fe8a1a098c54226ea8d\" data-token=\"b56ea2997ba26fe8a1a098c54226ea8d\">\n<div class=\"frm_form_fields \">\n<fieldset>\n<legend class=\"frm_screen_reader\">Formulario de Solicitud de Servicio<\/legend>\r\n\r\n<div class=\"frm_fields_container\">\n<input type=\"hidden\" name=\"frm_action\" value=\"create\" \/>\n<input type=\"hidden\" name=\"form_id\" value=\"2\" \/>\n<input type=\"hidden\" name=\"frm_hide_fields_2\" id=\"frm_hide_fields_2\" value=\"\" \/>\n<input type=\"hidden\" name=\"form_key\" value=\"formulario-de-solicitud-de-servicio2\" \/>\n<input type=\"hidden\" name=\"item_meta[0]\" value=\"\" \/>\n<input type=\"hidden\" id=\"frm_submit_entry_2\" name=\"frm_submit_entry_2\" value=\"a81c1772d7\" \/><input type=\"hidden\" name=\"_wp_http_referer\" value=\"\/index.php?rest_route=%2Fwp%2Fv2%2Fpages%2F790\" \/><div id=\"frm_field_10_container\" class=\"frm_form_field form-field  frm_required_field frm_top_container frm6 frm_first\">\r\n\t<label for=\"field_xzxkp\" id=\"field_xzxkp_label\" class=\"frm_primary_label\">NOMBRE CLIENTE\r\n\t\t<span class=\"frm_required\" aria-hidden=\"true\">*<\/span>\r\n\t<\/label>\r\n\t<input  type=\"text\" id=\"field_xzxkp\" name=\"item_meta[10]\" value=\"\"  autocomplete=\"name\"  placeholder=\"Ingrese su nombre...\" data-reqmsg=\"NOMBRE CLIENTE cannot be blank.\" aria-required=\"true\" data-invmsg=\"NOMBRE CLIENTE is invalid\" aria-invalid=\"false\"   \/>\r\n\t\r\n\t\r\n<\/div>\n<div id=\"frm_field_11_container\" class=\"frm_form_field form-field  frm_required_field frm_top_container frm6\">\r\n\t<label for=\"field_6pvd0\" id=\"field_6pvd0_label\" class=\"frm_primary_label\">TEL\u00c9FONO\r\n\t\t<span class=\"frm_required\" aria-hidden=\"true\">*<\/span>\r\n\t<\/label>\r\n\t<input type=\"tel\" id=\"field_6pvd0\" name=\"item_meta[11]\" value=\"\"  placeholder=\"912345678\" data-reqmsg=\"TEL\u00c9FONO cannot be blank.\" aria-required=\"true\" data-invmsg=\"TEL\u00c9FONO is invalid\" aria-invalid=\"false\" pattern=\"((\\+\\d{1,3}(-|.| )?\\(?\\d\\)?(-| |.)?\\d{1,5})|(\\(?\\d{2,6}\\)?))(-|.| )?(\\d{3,4})(-|.| )?(\\d{4})(( x| ext)\\d{1,5}){0,1}$\"  \/>\r\n\t\r\n\t\r\n<\/div>\n<div id=\"frm_field_12_container\" class=\"frm_form_field form-field  frm_required_field frm_top_container frm12 frm_first\">\r\n\t<label for=\"field_euc1a\" id=\"field_euc1a_label\" class=\"frm_primary_label\">CORREO ELECTR\u00d3NICO\r\n\t\t<span class=\"frm_required\" aria-hidden=\"true\">*<\/span>\r\n\t<\/label>\r\n\t<input type=\"email\" id=\"field_euc1a\" name=\"item_meta[12]\" value=\"\"  autocomplete=\"email\"  placeholder=\"Ingrese su correo...\" data-reqmsg=\"CORREO ELECTR\u00d3NICO cannot be blank.\" aria-required=\"true\" data-invmsg=\"CORREO ELECTR\u00d3NICO is invalid\" aria-invalid=\"false\"  \/>\r\n\t\r\n\t\r\n<\/div>\n<div id=\"frm_field_15_container\" class=\"frm_form_field form-field  frm_required_field frm_top_container frm12 frm_three_col\">\r\n\t<div  id=\"field_hmcf6_label\" class=\"frm_primary_label\"> ELIGE LOS SERVICIOS QUE DESEAS CONTRATAR:\r\n\t\t<span class=\"frm_required\" aria-hidden=\"true\">*<\/span>\r\n\t<\/div>\r\n\t<div class=\"frm_opt_container\" aria-labelledby=\"field_hmcf6_label\" role=\"group\">\t\t<div class=\"frm_checkbox\" id=\"frm_checkbox_15-0\">\t\t\t<label  for=\"field_hmcf6-0\">\n\t\t\t<input type=\"checkbox\" name=\"item_meta[15][]\" id=\"field_hmcf6-0\" value=\"\ud83d\udcf8Fotograf\u00eda para Eventos\"  data-reqmsg=\" ELIGE LOS SERVICIOS QUE DESEAS CONTRATAR: cannot be blank.\" data-invmsg=\" ELIGE LOS SERVICIOS QUE DESEAS CONTRATAR: no es v\u00e1lido\"   aria-required=\"true\"  \/> \ud83d\udcf8Fotograf\u00eda para Eventos<\/label><\/div>\n\t\t<div class=\"frm_checkbox\" id=\"frm_checkbox_15-1\">\t\t\t<label  for=\"field_hmcf6-1\">\n\t\t\t<input type=\"checkbox\" name=\"item_meta[15][]\" id=\"field_hmcf6-1\" value=\"\ud83d\udcf9 Videograf\u00eda y Post-Producci\u00f3n\"  data-reqmsg=\" ELIGE LOS SERVICIOS QUE DESEAS CONTRATAR: cannot be blank.\" data-invmsg=\" ELIGE LOS SERVICIOS QUE DESEAS CONTRATAR: no es v\u00e1lido\"   \/> \ud83d\udcf9 Videograf\u00eda y Post-Producci\u00f3n<\/label><\/div>\n\t\t<div class=\"frm_checkbox\" id=\"frm_checkbox_15-2\">\t\t\t<label  for=\"field_hmcf6-2\">\n\t\t\t<input type=\"checkbox\" name=\"item_meta[15][]\" id=\"field_hmcf6-2\" value=\"\ud83d\udd34Live Streaming\"  data-reqmsg=\" ELIGE LOS SERVICIOS QUE DESEAS CONTRATAR: cannot be blank.\" data-invmsg=\" ELIGE LOS SERVICIOS QUE DESEAS CONTRATAR: no es v\u00e1lido\"   \/> \ud83d\udd34Live Streaming<\/label><\/div>\n<\/div>\r\n\t\r\n\t\r\n<\/div>\n<div id=\"frm_field_16_container\" class=\"frm_form_field form-field  frm_required_field frm_top_container\">\r\n\t<label for=\"field_xd7ev\" id=\"field_xd7ev_label\" class=\"frm_primary_label\">CANTIDAD DE FOTOS DIGITALES REQUERIDAS:\r\n\t\t<span class=\"frm_required\" aria-hidden=\"true\">*<\/span>\r\n\t<\/label>\r\n\t<div class=\"frm_range_container\"><input type=\"range\" id=\"field_xd7ev\" name=\"item_meta[16]\" value=\"\" data-frmval=\"\" data-frmrange  data-reqmsg=\"CANTIDAD DE FOTOS DIGITALES REQUERIDAS: cannot be blank.\" aria-required=\"true\" data-invmsg=\"CANTIDAD DE FOTOS DIGITALES REQUERIDAS: is invalid\" aria-invalid=\"false\"   min=\"20\" max=\"200\" step=\"1\"\/><span class=\"frm_range_value\">110<\/span><\/div>\r\n\t\r\n\t\r\n<\/div>\n<div id=\"frm_field_17_container\" class=\"frm_form_field form-field  frm_required_field frm_top_container\">\r\n\t<label for=\"field_sxuv0\" id=\"field_sxuv0_label\" class=\"frm_primary_label\">DURACI\u00d3N DEL VIDEO FINAL:\r\n\t\t<span class=\"frm_required\" aria-hidden=\"true\">*<\/span>\r\n\t<\/label>\r\n\t\t\t<select name=\"item_meta[17]\" id=\"field_sxuv0\"  data-placeholder=\"Selecciona la duraci\u00f3n deseada...\"  data-frmval=\"10 - 15 Minutos\" data-frmplaceholder=\"Selecciona la duraci\u00f3n deseada...\" placeholder=\"Selecciona la duraci\u00f3n deseada...\" data-reqmsg=\"DURACI\u00d3N DEL VIDEO FINAL: cannot be blank.\" aria-required=\"true\" data-invmsg=\"DURACI\u00d3N DEL VIDEO FINAL: no es v\u00e1lido\" aria-invalid=\"false\"  >\n\t\t<option  class=\"frm-select-placeholder\" value=\"\" data-placeholder=\"true\">Selecciona la duraci\u00f3n deseada...<\/option><option  value=\"10 - 15 Minutos\" selected='selected'>10 - 15 Minutos<\/option><option  value=\"15 - 20 Minutos\">15 - 20 Minutos<\/option><option  value=\"20 - 25 Minutos\">20 - 25 Minutos<\/option><option  value=\"25 - 30 Minutos\">25 - 30 Minutos<\/option>\t<\/select>\n\t\r\n\t\r\n\t\r\n<\/div>\n<div id=\"frm_field_19_container\" class=\"frm_form_field form-field  frm_required_field frm_top_container frm_four_col\">\r\n\t<div  id=\"field_uieji_label\" class=\"frm_primary_label\">DURACI\u00d3N DE LA TRANSIMISI\u00d3N EN VIVO:\r\n\t\t<span class=\"frm_required\" aria-hidden=\"true\">*<\/span>\r\n\t<\/div>\r\n\t<div class=\"frm_opt_container\" aria-labelledby=\"field_uieji_label\" role=\"radiogroup\" aria-required=\"true\">\t\t<div class=\"frm_radio\" id=\"frm_radio_19-0\">\t\t\t<label  for=\"field_uieji-0\">\n\t\t\t\t\t<input type=\"radio\" name=\"item_meta[19]\" id=\"field_uieji-0\" value=\"1 hora\"\n\t\t data-reqmsg=\"DURACI\u00d3N DE LA TRANSIMISI\u00d3N EN VIVO: cannot be blank.\" data-invmsg=\"DURACI\u00d3N DE LA TRANSIMISI\u00d3N EN VIVO: no es v\u00e1lido\"   \/> 1 hora<\/label><\/div>\n\t\t<div class=\"frm_radio\" id=\"frm_radio_19-1\">\t\t\t<label  for=\"field_uieji-1\">\n\t\t\t\t\t<input type=\"radio\" name=\"item_meta[19]\" id=\"field_uieji-1\" value=\"2 horas\"\n\t\t data-reqmsg=\"DURACI\u00d3N DE LA TRANSIMISI\u00d3N EN VIVO: cannot be blank.\" data-invmsg=\"DURACI\u00d3N DE LA TRANSIMISI\u00d3N EN VIVO: no es v\u00e1lido\"   \/> 2 horas<\/label><\/div>\n\t\t<div class=\"frm_radio\" id=\"frm_radio_19-2\">\t\t\t<label  for=\"field_uieji-2\">\n\t\t\t\t\t<input type=\"radio\" name=\"item_meta[19]\" id=\"field_uieji-2\" value=\"3 horas\"\n\t\t data-reqmsg=\"DURACI\u00d3N DE LA TRANSIMISI\u00d3N EN VIVO: cannot be blank.\" data-invmsg=\"DURACI\u00d3N DE LA TRANSIMISI\u00d3N EN VIVO: no es v\u00e1lido\"   \/> 3 horas<\/label><\/div>\n\t\t<div class=\"frm_radio\" id=\"frm_radio_19-3\">\t\t\t<label  for=\"field_uieji-3\">\n\t\t\t\t\t<input type=\"radio\" name=\"item_meta[19]\" id=\"field_uieji-3\" value=\"4 horas\"\n\t\t data-reqmsg=\"DURACI\u00d3N DE LA TRANSIMISI\u00d3N EN VIVO: cannot be blank.\" data-invmsg=\"DURACI\u00d3N DE LA TRANSIMISI\u00d3N EN VIVO: no es v\u00e1lido\"   \/> 4 horas<\/label><\/div>\n<\/div>\r\n\t\r\n\t\r\n<\/div>\n<div id=\"frm_field_21_container\" class=\"frm_form_field form-field  frm_required_field frm_top_container frm_first frm12 frm_four_col\">\r\n\t<div  id=\"field_plwse_label\" class=\"frm_primary_label\">PLATAFORMAS DE TRANSMISI\u00d3N:\r\n\t\t<span class=\"frm_required\" aria-hidden=\"true\">*<\/span>\r\n\t<\/div>\r\n\t<div class=\"frm_opt_container\" aria-labelledby=\"field_plwse_label\" role=\"group\">\t\t<div class=\"frm_checkbox\" id=\"frm_checkbox_21-0\">\t\t\t<label  for=\"field_plwse-0\">\n\t\t\t<input type=\"checkbox\" name=\"item_meta[21][]\" id=\"field_plwse-0\" value=\"\ud83d\udd34Facebook Live\"  data-reqmsg=\"PLATAFORMAS DE TRANSMISI\u00d3N: cannot be blank.\" data-invmsg=\"PLATAFORMAS DE TRANSMISI\u00d3N: no es v\u00e1lido\"   aria-required=\"true\"  \/> \ud83d\udd34Facebook Live<\/label><\/div>\n\t\t<div class=\"frm_checkbox\" id=\"frm_checkbox_21-1\">\t\t\t<label  for=\"field_plwse-1\">\n\t\t\t<input type=\"checkbox\" name=\"item_meta[21][]\" id=\"field_plwse-1\" value=\"\ud83d\udd34YouTube Live\"  data-reqmsg=\"PLATAFORMAS DE TRANSMISI\u00d3N: cannot be blank.\" data-invmsg=\"PLATAFORMAS DE TRANSMISI\u00d3N: no es v\u00e1lido\"   \/> \ud83d\udd34YouTube Live<\/label><\/div>\n\t\t<div class=\"frm_checkbox\" id=\"frm_checkbox_21-3\">\t\t\t<label  for=\"field_plwse-3\">\n\t\t\t<input type=\"checkbox\" name=\"item_meta[21][]\" id=\"field_plwse-3\" value=\"\ud83d\udd34Instagram Live\"  data-reqmsg=\"PLATAFORMAS DE TRANSMISI\u00d3N: cannot be blank.\" data-invmsg=\"PLATAFORMAS DE TRANSMISI\u00d3N: no es v\u00e1lido\"   \/> \ud83d\udd34Instagram Live<\/label><\/div>\n\t\t<div class=\"frm_checkbox\" id=\"frm_checkbox_21-2\">\t\t\t<label  for=\"field_plwse-2\">\n\t\t\t<input type=\"checkbox\" name=\"item_meta[21][]\" id=\"field_plwse-2\" value=\"\ud83d\udd34Zoom\"  data-reqmsg=\"PLATAFORMAS DE TRANSMISI\u00d3N: cannot be blank.\" data-invmsg=\"PLATAFORMAS DE TRANSMISI\u00d3N: no es v\u00e1lido\"   \/> \ud83d\udd34Zoom<\/label><\/div>\n<\/div>\r\n\t\r\n\t\r\n<\/div>\n<div id=\"frm_field_22_container\" class=\"frm_form_field form-field  frm_required_field frm_top_container frm_first frm_third\">\r\n\t<label for=\"field_bj26v\" id=\"field_bj26v_label\" class=\"frm_primary_label\">\ud83d\udcc5 FECHA PREVISTA DEL EVENTO:\r\n\t\t<span class=\"frm_required\" aria-hidden=\"true\">*<\/span>\r\n\t<\/label>\r\n\t<input type=\"text\" id=\"field_bj26v\" name=\"item_meta[22]\" value=\"04\/27\/2026\"  maxlength=\"10\" data-frmval=\"04\/27\/2026\" data-reqmsg=\"\ud83d\udcc5 FECHA PREVISTA DEL EVENTO: cannot be blank.\" aria-required=\"true\" data-invmsg=\"\ud83d\udcc5 FECHA PREVISTA DEL EVENTO: no es v\u00e1lido\" class=\"frm_date\" aria-invalid=\"false\"  \/>\r\n\t\r\n\t\r\n<\/div>\n<div id=\"frm_field_23_container\" class=\"frm_form_field form-field  frm_required_field frm_top_container frm6\">\r\n\t<div  id=\"field_594wc_label\" class=\"frm_primary_label\">HORA DE INICIO PREVISTO DEL EVENTO:\r\n\t\t<span class=\"frm_required\" aria-hidden=\"true\">*<\/span>\r\n\t<\/div>\r\n\t<div class=\"frm_time_wrap\"><span dir=\"ltr\">\r\n<select aria-label=\"HORA DE INICIO PREVISTO DEL EVENTO: ... hora\" name=\"item_meta[23][H]\" id=\"field_594wc_H\"  data-frmval=\"{&quot;A&quot;:&quot;&quot;,&quot;H&quot;:&quot;00&quot;,&quot;m&quot;:&quot;43&quot;,&quot;s&quot;:&quot;55&quot;}\" data-reqmsg=\"HORA DE INICIO PREVISTO DEL EVENTO: cannot be blank.\" aria-required=\"true\" data-invmsg=\"HORA DE INICIO PREVISTO DEL EVENTO: no es v\u00e1lido\" class=\"auto_width frm_time_select\" aria-invalid=\"false\"  ><option value=\"\" ><\/option><option value=\"12\"  selected='selected'>12<\/option><option value=\"1\" >1<\/option><option value=\"2\" >2<\/option><option value=\"3\" >3<\/option><option value=\"4\" >4<\/option><option value=\"5\" >5<\/option><option value=\"6\" >6<\/option><option value=\"7\" >7<\/option><option value=\"8\" >8<\/option><option value=\"9\" >9<\/option><option value=\"10\" >10<\/option><option value=\"11\" >11<\/option><\/select>\r\n<span class=\"frm_time_sep\" aria-hidden=\"true\">:<\/span>\r\n<select aria-label=\"HORA DE INICIO PREVISTO DEL EVENTO: ... minuto\" name=\"item_meta[23][m]\" id=\"field_594wc_m\"  data-frmval=\"{&quot;A&quot;:&quot;&quot;,&quot;H&quot;:&quot;00&quot;,&quot;m&quot;:&quot;43&quot;,&quot;s&quot;:&quot;55&quot;}\" data-reqmsg=\"HORA DE INICIO PREVISTO DEL EVENTO: cannot be blank.\" aria-required=\"true\" data-invmsg=\"HORA DE INICIO PREVISTO DEL EVENTO: no es v\u00e1lido\" class=\"auto_width frm_time_select auto_width frm_time_select\" aria-invalid=\"false\"  ><option value=\"\" ><\/option><option value=\"00\" >00<\/option><option value=\"01\" >01<\/option><option value=\"02\" >02<\/option><option value=\"03\" >03<\/option><option value=\"04\" >04<\/option><option value=\"05\" >05<\/option><option value=\"06\" >06<\/option><option value=\"07\" >07<\/option><option value=\"08\" >08<\/option><option value=\"09\" >09<\/option><option value=\"10\" >10<\/option><option value=\"11\" >11<\/option><option value=\"12\" >12<\/option><option value=\"13\" >13<\/option><option value=\"14\" >14<\/option><option value=\"15\" >15<\/option><option value=\"16\" >16<\/option><option value=\"17\" >17<\/option><option value=\"18\" >18<\/option><option value=\"19\" >19<\/option><option value=\"20\" >20<\/option><option value=\"21\" >21<\/option><option value=\"22\" >22<\/option><option value=\"23\" >23<\/option><option value=\"24\" >24<\/option><option value=\"25\" >25<\/option><option value=\"26\" >26<\/option><option value=\"27\" >27<\/option><option value=\"28\" >28<\/option><option value=\"29\" >29<\/option><option value=\"30\" >30<\/option><option value=\"31\" >31<\/option><option value=\"32\" >32<\/option><option value=\"33\" >33<\/option><option value=\"34\" >34<\/option><option value=\"35\" >35<\/option><option value=\"36\" >36<\/option><option value=\"37\" >37<\/option><option value=\"38\" >38<\/option><option value=\"39\" >39<\/option><option value=\"40\" >40<\/option><option value=\"41\" >41<\/option><option value=\"42\" >42<\/option><option value=\"43\"  selected='selected'>43<\/option><option value=\"44\" >44<\/option><option value=\"45\" >45<\/option><option value=\"46\" >46<\/option><option value=\"47\" >47<\/option><option value=\"48\" >48<\/option><option value=\"49\" >49<\/option><option value=\"50\" >50<\/option><option value=\"51\" >51<\/option><option value=\"52\" >52<\/option><option value=\"53\" >53<\/option><option value=\"54\" >54<\/option><option value=\"55\" >55<\/option><option value=\"56\" >56<\/option><option value=\"57\" >57<\/option><option value=\"58\" >58<\/option><option value=\"59\" >59<\/option><\/select>\r\n<\/span>\r\n<select aria-label=\"HORA DE INICIO PREVISTO DEL EVENTO:\" name=\"item_meta[23][A]\" id=\"field_594wc_A\"  data-frmval=\"{&quot;A&quot;:&quot;&quot;,&quot;H&quot;:&quot;00&quot;,&quot;m&quot;:&quot;43&quot;,&quot;s&quot;:&quot;55&quot;}\" data-reqmsg=\"HORA DE INICIO PREVISTO DEL EVENTO: cannot be blank.\" aria-required=\"true\" data-invmsg=\"HORA DE INICIO PREVISTO DEL EVENTO: no es v\u00e1lido\" class=\"auto_width frm_time_select auto_width frm_time_select auto_width frm_time_select\" aria-invalid=\"false\"  ><option value=\"AM\"  selected='selected'>AM<\/option><option value=\"PM\" >PM<\/option><\/select>\r\n<\/div>\r\n\t\r\n\t\r\n<\/div>\n<div id=\"frm_field_6_container\" class=\"frm_form_field form-field  frm_fi rst frm12\">\r\n\t<div class=\"frm_submit frm_flex\">\r\n<button class=\"frm_button_submit frm_final_submit\" type=\"submit\"   formnovalidate=\"formnovalidate\">ENVIAR SOLICITUD<\/button>\r\n\r\n\r\n\r\n<\/div>\r\n<\/div>\n\t<input type=\"hidden\" name=\"item_key\" value=\"\" \/>\n\t\t\t<div id=\"frm_field_26_container\">\n\t\t\t<label for=\"field_pwzgw\" >\n\t\t\t\tSi eres humano, deja este campo en blanco.\t\t\t<\/label>\n\t\t\t<input  id=\"field_pwzgw\" type=\"text\" class=\"frm_form_field form-field frm_verify\" name=\"item_meta[26]\" value=\"\"  \/>\n\t\t<\/div>\n\t\t<input name=\"frm_state\" type=\"hidden\" value=\"VXYJcW02Q2optpZUclFjn8b89XtQMUm\/einZh2U1nxGq4KRp\/B9UOERSKL4HD2Bd\" \/><\/div>\n<\/fieldset>\n<\/div>\n\n<\/form>\n<\/div>\n\t\t\t\t\t\t\t\t<\/div>\n\t\t\t\t<\/div>\n\t\t\t\t\t<\/div>\n\t\t\t\t<\/div>\n\t\t\t\t<\/div>\n\t\t","protected":false},"excerpt":{"rendered":"<p>FORMULARIO DE SOLICITUD DE PRESUPUESTO<\/p>\n","protected":false},"author":1,"featured_media":0,"parent":0,"menu_order":0,"comment_status":"closed","ping_status":"closed","template":"","meta":{"footnotes":""},"class_list":["post-790","page","type-page","status-publish","hentry"],"_links":{"self":[{"href":"https:\/\/breda.pro\/index.php?rest_route=\/wp\/v2\/pages\/790","targetHints":{"allow":["GET"]}}],"collection":[{"href":"https:\/\/breda.pro\/index.php?rest_route=\/wp\/v2\/pages"}],"about":[{"href":"https:\/\/breda.pro\/index.php?rest_route=\/wp\/v2\/types\/page"}],"author":[{"embeddable":true,"href":"https:\/\/breda.pro\/index.php?rest_route=\/wp\/v2\/users\/1"}],"replies":[{"embeddable":true,"href":"https:\/\/breda.pro\/index.php?rest_route=%2Fwp%2Fv2%2Fcomments&post=790"}],"version-history":[{"count":23,"href":"https:\/\/breda.pro\/index.php?rest_route=\/wp\/v2\/pages\/790\/revisions"}],"predecessor-version":[{"id":1050,"href":"https:\/\/breda.pro\/index.php?rest_route=\/wp\/v2\/pages\/790\/revisions\/1050"}],"wp:attachment":[{"href":"https:\/\/breda.pro\/index.php?rest_route=%2Fwp%2Fv2%2Fmedia&parent=790"}],"curies":[{"name":"wp","href":"https:\/\/api.w.org\/{rel}","templated":true}]}}